{"id":1709,"date":"2024-12-18T08:33:51","date_gmt":"2024-12-18T08:33:51","guid":{"rendered":"https:\/\/thekitchendecorating.com\/?page_id=1709"},"modified":"2025-01-21T08:45:44","modified_gmt":"2025-01-21T08:45:44","slug":"disclaimer-2","status":"publish","type":"page","link":"https:\/\/zuhauseperfekt.de\/index.php\/disclaimer-2\/","title":{"rendered":"Haftungsausschluss"},"content":{"rendered":"\n<p>Die auf diesem Blog bereitgestellten Inhalte dienen ausschlie\u00dflich Informations- und Bildungszwecken. Obwohl alle Anstrengungen unternommen werden, um die Richtigkeit und Zuverl\u00e4ssigkeit der Informationen zu gew\u00e4hrleisten, sollten sie nicht als professionelle Beratung oder Ersatz f\u00fcr die Konsultation qualifizierter Fachkr\u00e4fte in relevanten Bereichen angesehen werden.<\/p>\n\n\n\n<p><br>Die Meinungen, die auf diesem Blog ge\u00e4u\u00dfert werden, sind die des Autors und spiegeln nicht unbedingt die Ansichten von verbundenen Organisationen oder Organisationen wider. Leser werden ermutigt, ihre eigenen Recherchen durchzuf\u00fchren und professionelle Beratung einzuholen, bevor sie auf Informationen in diesem Blog reagieren.<\/p>\n\n\n\n<p><br>Dieser Blog kann Links zu externen Websites f\u00fcr zus\u00e4tzliche Informationen und Bequemlichkeit enthalten. Wir unterst\u00fctzen, garantieren oder \u00fcbernehmen keine Verantwortung f\u00fcr den Inhalt, die Dienste oder die Genauigkeit von Websites Dritter.<\/p>\n\n\n\n<p><br>Der Bloginhaber und die Mitwirkenden sind nicht verantwortlich f\u00fcr Fehler, Auslassungen oder Ergebnisse, die sich aus der Nutzung der Informationen auf dieser Website ergeben. Die Nutzung dieses Blogs und seiner Inhalte erfolgt ausschlie\u00dflich auf eigenes Risiko.<\/p>\n\n\n\n<p><br>Wenn Sie spezielle Anliegen haben oder eine fachkundige Beratung ben\u00f6tigen, wenden Sie sich bitte an einen qualifizierten Fachmann auf dem betreffenden Gebiet.<\/p>\n\n\n\n<p><br>Bei Fragen oder Bedenken zu den Inhalten dieses Blogs k\u00f6nnen Sie sich gerne direkt an uns wenden.<\/p>\n\n\n\n<p><br><strong>Aktualisiert: <\/strong>Dezember 15, 2024<\/p>\n","protected":false},"excerpt":{"rendered":"<p>Die auf diesem Blog bereitgestellten Inhalte dienen ausschlie\u00dflich Informations- und Bildungszwecken. Obwohl alle Anstrengungen unternommen werden, um die Richtigkeit und Zuverl\u00e4ssigkeit der Informationen zu gew\u00e4hrleisten, sollten sie nicht als professionelle Beratung oder Ersatz f\u00fcr die Konsultation qualifizierter Fachkr\u00e4fte in relevanten Bereichen angesehen werden. Die Meinungen, die auf diesem Blog ge\u00e4u\u00dfert werden, sind die des Autors [&hellip;]<\/p>\n","protected":false},"author":1,"featured_media":0,"parent":0,"menu_order":0,"comment_status":"closed","ping_status":"closed","template":"","meta":{"footnotes":""},"class_list":["post-1709","page","type-page","status-publish","hentry"],"_links":{"self":[{"href":"https:\/\/zuhauseperfekt.de\/index.php\/wp-json\/wp\/v2\/pages\/1709","targetHints":{"allow":["GET"]}}],"collection":[{"href":"https:\/\/zuhauseperfekt.de\/index.php\/wp-json\/wp\/v2\/pages"}],"about":[{"href":"https:\/\/zuhauseperfekt.de\/index.php\/wp-json\/wp\/v2\/types\/page"}],"author":[{"embeddable":true,"href":"https:\/\/zuhauseperfekt.de\/index.php\/wp-json\/wp\/v2\/users\/1"}],"replies":[{"embeddable":true,"href":"https:\/\/zuhauseperfekt.de\/index.php\/wp-json\/wp\/v2\/comments?post=1709"}],"version-history":[{"count":2,"href":"https:\/\/zuhauseperfekt.de\/index.php\/wp-json\/wp\/v2\/pages\/1709\/revisions"}],"predecessor-version":[{"id":1845,"href":"https:\/\/zuhauseperfekt.de\/index.php\/wp-json\/wp\/v2\/pages\/1709\/revisions\/1845"}],"wp:attachment":[{"href":"https:\/\/zuhauseperfekt.de\/index.php\/wp-json\/wp\/v2\/media?parent=1709"}],"curies":[{"name":"wp","href":"https:\/\/api.w.org\/{rel}","templated":true}]}}